{"id":842,"date":"2024-06-14T16:53:00","date_gmt":"2024-06-14T19:53:00","guid":{"rendered":"https:\/\/rambla7.com.br\/clientes\/iagohaddad\/?page_id=842"},"modified":"2024-06-28T09:10:46","modified_gmt":"2024-06-28T12:10:46","slug":"iago-haddad","status":"publish","type":"page","link":"https:\/\/rambla7.com.br\/clientes\/iagohaddad\/iago-haddad\/","title":{"rendered":"Iago Haddad"},"content":{"rendered":"\t\t<div data-elementor-type=\"wp-page\" data-elementor-id=\"842\" class=\"elementor elementor-842\" data-elementor-post-type=\"page\">\n\t\t\t\t<div class=\"elementor-element elementor-element-96f691d e-flex e-con-boxed e-con e-parent\" data-id=\"96f691d\" data-element_type=\"container\">\n\t\t\t\t\t<div class=\"e-con-inner\">\n\t\t<div class=\"elementor-element elementor-element-447ecfa e-con-full e-flex e-con e-child\" data-id=\"447ecfa\" data-element_type=\"container\">\n\t\t\t\t<div class=\"elementor-element elementor-element-f8f1a45 elementor-widget elementor-widget-heading\" data-id=\"f8f1a45\" data-element_type=\"widget\" data-widget_type=\"heading.default\">\n\t\t\t\t<div class=\"elementor-widget-container\">\n\t\t\t\t\t<h1 class=\"elementor-heading-title elementor-size-default\">Iago Haddad<\/h1>\t\t\t\t<\/div>\n\t\t\t\t<\/div>\n\t\t\t\t<div class=\"elementor-element elementor-element-b628a61 elementor-widget-divider--view-line elementor-widget elementor-widget-divider\" data-id=\"b628a61\" data-element_type=\"widget\" data-widget_type=\"divider.default\">\n\t\t\t\t<div class=\"elementor-widget-container\">\n\t\t\t\t\t\t\t<div class=\"elementor-divider\">\n\t\t\t<span class=\"elementor-divider-separator\">\n\t\t\t\t\t\t<\/span>\n\t\t<\/div>\n\t\t\t\t\t\t<\/div>\n\t\t\t\t<\/div>\n\t\t\t\t<\/div>\n\t\t\t\t\t<\/div>\n\t\t\t\t<\/div>\n\t\t<div class=\"elementor-element elementor-element-e0b8df3 e-flex e-con-boxed e-con e-parent\" data-id=\"e0b8df3\" data-element_type=\"container\">\n\t\t\t\t\t<div class=\"e-con-inner\">\n\t\t<div class=\"elementor-element elementor-element-c626a9c e-con-full e-flex e-con e-child\" data-id=\"c626a9c\" data-element_type=\"container\">\n\t\t\t\t<div class=\"elementor-element elementor-element-411e14a elementor-widget elementor-widget-text-editor\" data-id=\"411e14a\" data-element_type=\"widget\" data-widget_type=\"text-editor.default\">\n\t\t\t\t<div class=\"elementor-widget-container\">\n\t\t\t\t\t\t\t\t\t<p>Minha jornada come\u00e7ou cedo quando ainda muito pequeno questionava os motivos e mist\u00e9rios da exist\u00eancia. Ainda na adolesc\u00eancia busquei compreender o que o cristianismo podia nos oferecer para nos levar em dire\u00e7\u00e3o \u00e0 sabedoria, contentamento e redu\u00e7\u00e3o do sofrimento. E foi ali nesta \u00e9poca que comecei a me dedicar ao que fazia sentido para mim; ajudar as pessoas a serem mais saud\u00e1veis, felizes e conscientes. Cheguei a ser catequista, monitor de crisma e mais para frente fui conhecendo e estudando diversas outras religi\u00f5es.<\/p><p>Aos 16 anos conheci o yoga e um ano depois j\u00e1 me preenchia de tal forma que abracei o caminho e o assumi tamb\u00e9m como dever social. Desde ent\u00e3o, e j\u00e1 faz um pouco mais de uma d\u00e9cada, segui estudando muito, passando por v\u00e1rios cursos, livros e experi\u00eancias relacionadas a \u00e1rea, sempre no intento de ter o conhecimento necess\u00e1rio para o meu pr\u00f3prio processo e para ajudar diversas pessoas em situa\u00e7\u00f5es variadas da forma mais eficiente, respeitosa e protegida que eu pudesse alcan\u00e7ar.<\/p>\t\t\t\t\t\t\t\t<\/div>\n\t\t\t\t<\/div>\n\t\t\t\t<\/div>\n\t\t<div class=\"elementor-element elementor-element-6e70ae8 e-con-full e-flex e-con e-child\" data-id=\"6e70ae8\" data-element_type=\"container\">\n\t\t\t\t<div class=\"elementor-element elementor-element-0bcfb30 elementor-widget elementor-widget-image\" data-id=\"0bcfb30\" data-element_type=\"widget\" data-widget_type=\"image.default\">\n\t\t\t\t<div class=\"elementor-widget-container\">\n\t\t\t\t\t\t\t\t\t\t\t\t\t\t\t<img fetchpriority=\"high\" decoding=\"async\" width=\"350\" height=\"379\" src=\"https:\/\/rambla7.com.br\/clientes\/iagohaddad\/wp-content\/uploads\/2024\/06\/iago2.jpg\" class=\"attachment-large size-large wp-image-581\" alt=\"\" srcset=\"https:\/\/rambla7.com.br\/clientes\/iagohaddad\/wp-content\/uploads\/2024\/06\/iago2.jpg 350w, https:\/\/rambla7.com.br\/clientes\/iagohaddad\/wp-content\/uploads\/2024\/06\/iago2-277x300.jpg 277w\" sizes=\"(max-width: 350px) 100vw, 350px\" \/>\t\t\t\t\t\t\t\t\t\t\t\t\t\t\t<\/div>\n\t\t\t\t<\/div>\n\t\t\t\t<div class=\"elementor-element elementor-element-292ade9 elementor-widget elementor-widget-image\" data-id=\"292ade9\" data-element_type=\"widget\" data-settings=\"{&quot;motion_fx_motion_fx_scrolling&quot;:&quot;yes&quot;,&quot;motion_fx_translateY_effect&quot;:&quot;yes&quot;,&quot;motion_fx_translateY_speed&quot;:{&quot;unit&quot;:&quot;px&quot;,&quot;size&quot;:3,&quot;sizes&quot;:[]},&quot;motion_fx_devices&quot;:[&quot;desktop&quot;],&quot;motion_fx_translateY_affectedRange&quot;:{&quot;unit&quot;:&quot;%&quot;,&quot;size&quot;:&quot;&quot;,&quot;sizes&quot;:{&quot;start&quot;:0,&quot;end&quot;:100}}}\" data-widget_type=\"image.default\">\n\t\t\t\t<div class=\"elementor-widget-container\">\n\t\t\t\t\t\t\t\t\t\t\t\t\t\t\t<img decoding=\"async\" width=\"450\" height=\"536\" src=\"https:\/\/rambla7.com.br\/clientes\/iagohaddad\/wp-content\/uploads\/2024\/06\/yago1.jpg\" class=\"attachment-large size-large wp-image-580\" alt=\"\" srcset=\"https:\/\/rambla7.com.br\/clientes\/iagohaddad\/wp-content\/uploads\/2024\/06\/yago1.jpg 450w, https:\/\/rambla7.com.br\/clientes\/iagohaddad\/wp-content\/uploads\/2024\/06\/yago1-252x300.jpg 252w\" sizes=\"(max-width: 450px) 100vw, 450px\" \/>\t\t\t\t\t\t\t\t\t\t\t\t\t\t\t<\/div>\n\t\t\t\t<\/div>\n\t\t\t\t<\/div>\n\t\t\t\t\t<\/div>\n\t\t\t\t<\/div>\n\t\t<div class=\"elementor-element elementor-element-ab92e3e e-con-full e-flex e-con e-parent\" data-id=\"ab92e3e\" data-element_type=\"container\">\n\t\t\t\t<div class=\"elementor-element elementor-element-1168036 elementor-widget elementor-widget-heading\" data-id=\"1168036\" data-element_type=\"widget\" data-settings=\"{&quot;motion_fx_motion_fx_scrolling&quot;:&quot;yes&quot;,&quot;motion_fx_translateX_effect&quot;:&quot;yes&quot;,&quot;motion_fx_translateX_speed&quot;:{&quot;unit&quot;:&quot;px&quot;,&quot;size&quot;:5,&quot;sizes&quot;:[]},&quot;motion_fx_translateX_affectedRange&quot;:{&quot;unit&quot;:&quot;%&quot;,&quot;size&quot;:&quot;&quot;,&quot;sizes&quot;:{&quot;start&quot;:0,&quot;end&quot;:100}},&quot;motion_fx_devices&quot;:[&quot;desktop&quot;,&quot;tablet&quot;,&quot;mobile&quot;]}\" data-widget_type=\"heading.default\">\n\t\t\t\t<div class=\"elementor-widget-container\">\n\t\t\t\t\t<h2 class=\"elementor-heading-title elementor-size-default\">Iago Haddad<\/h2>\t\t\t\t<\/div>\n\t\t\t\t<\/div>\n\t\t\t\t<\/div>\n\t\t<div class=\"elementor-element elementor-element-8a2ad99 e-flex e-con-boxed e-con e-parent\" data-id=\"8a2ad99\" data-element_type=\"container\">\n\t\t\t\t\t<div class=\"e-con-inner\">\n\t\t<div class=\"elementor-element elementor-element-976370a e-con-full e-flex elementor-invisible e-con e-child\" data-id=\"976370a\" data-element_type=\"container\" data-settings=\"{&quot;animation&quot;:&quot;bounceInLeft&quot;}\">\n\t\t\t\t<div class=\"elementor-element elementor-element-30d5882 elementor-widget elementor-widget-image\" data-id=\"30d5882\" data-element_type=\"widget\" data-widget_type=\"image.default\">\n\t\t\t\t<div class=\"elementor-widget-container\">\n\t\t\t\t\t\t\t\t\t\t\t\t\t\t\t<img decoding=\"async\" width=\"700\" height=\"650\" src=\"https:\/\/rambla7.com.br\/clientes\/iagohaddad\/wp-content\/uploads\/2024\/06\/Eu-e-meu-Professor-Jorge-Knak-ok.jpg\" class=\"attachment-large size-large wp-image-862\" alt=\"\" srcset=\"https:\/\/rambla7.com.br\/clientes\/iagohaddad\/wp-content\/uploads\/2024\/06\/Eu-e-meu-Professor-Jorge-Knak-ok.jpg 700w, https:\/\/rambla7.com.br\/clientes\/iagohaddad\/wp-content\/uploads\/2024\/06\/Eu-e-meu-Professor-Jorge-Knak-ok-300x279.jpg 300w\" sizes=\"(max-width: 700px) 100vw, 700px\" \/>\t\t\t\t\t\t\t\t\t\t\t\t\t\t\t<\/div>\n\t\t\t\t<\/div>\n\t\t\t\t<\/div>\n\t\t<div class=\"elementor-element elementor-element-e26acff e-con-full e-flex elementor-invisible e-con e-child\" data-id=\"e26acff\" data-element_type=\"container\" data-settings=\"{&quot;background_background&quot;:&quot;classic&quot;,&quot;animation&quot;:&quot;bounceInRight&quot;,&quot;animation_delay&quot;:0}\">\n\t\t\t\t<div class=\"elementor-element elementor-element-b1576c7 elementor-widget elementor-widget-text-editor\" data-id=\"b1576c7\" data-element_type=\"widget\" data-widget_type=\"text-editor.default\">\n\t\t\t\t<div class=\"elementor-widget-container\">\n\t\t\t\t\t\t\t\t\t<p>Hoje mantenho acompanhamento e especializa\u00e7\u00e3o com professor Jorge Lu\u00eds Knak e posso dizer que sigo confiante e sou grato pela estrutura e profundidade dada por uma linhagem tradicional t\u00e3o resguardada como a do Krishnamacharya e T.K.V. Desikachar. E a partir do meu jeito de ser e de me minha bagagem \u00fanica como a de cada um, sinto-me comprometido em fazer o melhor que posso.<\/p>\t\t\t\t\t\t\t\t<\/div>\n\t\t\t\t<\/div>\n\t\t\t\t<\/div>\n\t\t\t\t\t<\/div>\n\t\t\t\t<\/div>\n\t\t<div class=\"elementor-element elementor-element-123b531 e-flex e-con-boxed e-con e-parent\" data-id=\"123b531\" data-element_type=\"container\">\n\t\t\t\t\t<div class=\"e-con-inner\">\n\t\t<div class=\"elementor-element elementor-element-1e95064 e-con-full e-flex elementor-invisible e-con e-child\" data-id=\"1e95064\" data-element_type=\"container\" data-settings=\"{&quot;animation&quot;:&quot;fadeInUp&quot;,&quot;animation_delay&quot;:100}\">\n\t\t\t\t<div class=\"elementor-element elementor-element-5697372 elementor-widget elementor-widget-text-editor\" data-id=\"5697372\" data-element_type=\"widget\" data-widget_type=\"text-editor.default\">\n\t\t\t\t<div class=\"elementor-widget-container\">\n\t\t\t\t\t\t\t\t\t<p>H\u00e1 alguns anos estudo Ayurveda, formei-me terapeuta com a Escola de Ayurveda (hoje faculdade) e tenho muito a agradecer a todos os professores desta escola pelos ensinos e tamb\u00e9m ao Vida Veda por toda sua contribui\u00e7\u00e3o informativa no meio digital. Este \u00e9 um conhecimento que vejo como fundamental para compor em nossa busca de sa\u00fade e felicidade. Junto a este processo de aprendizado mantenho tamb\u00e9m estudos e vivencias vinculadas a tradi\u00e7\u00f5es e medicinas ind\u00edgenas brasileiras, honrando os conhecimentos valiosos que surgiram por aqui de forma a ampliar as possibilidades de auxilio, a partir do que pode ser mais acess\u00edvel para alguns.<\/p><p>Ainda acredito ser interessante dizer que sou tamb\u00e9m um entusiasta pela agroecologia, junto a minha esposa mantemos estudos e pr\u00e1ticas frequentes em busca de uma rela\u00e7\u00e3o mais equilibrada e harm\u00f4nica com a natureza, por uma sa\u00fade melhor para todos n\u00f3s e o mundo. E isso tem muito de yoga.<\/p>\t\t\t\t\t\t\t\t<\/div>\n\t\t\t\t<\/div>\n\t\t\t\t<\/div>\n\t\t<div class=\"elementor-element elementor-element-ecdc89c e-con-full e-flex elementor-invisible e-con e-child\" data-id=\"ecdc89c\" data-element_type=\"container\" data-settings=\"{&quot;animation&quot;:&quot;fadeInUp&quot;,&quot;animation_delay&quot;:350}\">\n\t\t\t\t<div class=\"elementor-element elementor-element-fa6e6dc elementor-arrows-position-inside elementor-widget elementor-widget-image-carousel\" data-id=\"fa6e6dc\" data-element_type=\"widget\" data-settings=\"{&quot;slides_to_show&quot;:&quot;1&quot;,&quot;navigation&quot;:&quot;arrows&quot;,&quot;autoplay&quot;:&quot;yes&quot;,&quot;pause_on_hover&quot;:&quot;yes&quot;,&quot;pause_on_interaction&quot;:&quot;yes&quot;,&quot;autoplay_speed&quot;:5000,&quot;infinite&quot;:&quot;yes&quot;,&quot;effect&quot;:&quot;slide&quot;,&quot;speed&quot;:500}\" data-widget_type=\"image-carousel.default\">\n\t\t\t\t<div class=\"elementor-widget-container\">\n\t\t\t\t\t\t\t<div class=\"elementor-image-carousel-wrapper swiper\" role=\"region\" aria-roledescription=\"carousel\" aria-label=\"Carrossel de imagens\" dir=\"ltr\">\n\t\t\t<div class=\"elementor-image-carousel swiper-wrapper\" aria-live=\"off\">\n\t\t\t\t\t\t\t\t<div class=\"swiper-slide\" role=\"group\" aria-roledescription=\"slide\" aria-label=\"1 de 2\"><figure class=\"swiper-slide-inner\"><img decoding=\"async\" class=\"swiper-slide-image\" src=\"https:\/\/rambla7.com.br\/clientes\/iagohaddad\/wp-content\/uploads\/2024\/06\/form-1a.jpg\" alt=\"form-1a\" \/><\/figure><\/div><div class=\"swiper-slide\" role=\"group\" aria-roledescription=\"slide\" aria-label=\"2 de 2\"><figure class=\"swiper-slide-inner\"><img decoding=\"async\" class=\"swiper-slide-image\" src=\"https:\/\/rambla7.com.br\/clientes\/iagohaddad\/wp-content\/uploads\/2024\/06\/form-2a.jpg\" alt=\"form-2a\" \/><\/figure><\/div>\t\t\t<\/div>\n\t\t\t\t\t\t\t\t\t\t\t\t<div class=\"elementor-swiper-button elementor-swiper-button-prev\" role=\"button\" tabindex=\"0\">\n\t\t\t\t\t\t<svg aria-hidden=\"true\" class=\"e-font-icon-svg e-eicon-chevron-left\" viewBox=\"0 0 1000 1000\" xmlns=\"http:\/\/www.w3.org\/2000\/svg\"><path d=\"M646 125C629 125 613 133 604 142L308 442C296 454 292 471 292 487 292 504 296 521 308 533L604 854C617 867 629 875 646 875 663 875 679 871 692 858 704 846 713 829 713 812 713 796 708 779 692 767L438 487 692 225C700 217 708 204 708 187 708 171 704 154 692 142 675 129 663 125 646 125Z\"><\/path><\/svg>\t\t\t\t\t<\/div>\n\t\t\t\t\t<div class=\"elementor-swiper-button elementor-swiper-button-next\" role=\"button\" tabindex=\"0\">\n\t\t\t\t\t\t<svg aria-hidden=\"true\" class=\"e-font-icon-svg e-eicon-chevron-right\" viewBox=\"0 0 1000 1000\" xmlns=\"http:\/\/www.w3.org\/2000\/svg\"><path d=\"M696 533C708 521 713 504 713 487 713 471 708 454 696 446L400 146C388 133 375 125 354 125 338 125 325 129 313 142 300 154 292 171 292 187 292 204 296 221 308 233L563 492 304 771C292 783 288 800 288 817 288 833 296 850 308 863 321 871 338 875 354 875 371 875 388 867 400 854L696 533Z\"><\/path><\/svg>\t\t\t\t\t<\/div>\n\t\t\t\t\n\t\t\t\t\t\t\t\t\t<\/div>\n\t\t\t\t\t\t<\/div>\n\t\t\t\t<\/div>\n\t\t\t\t<\/div>\n\t\t\t\t\t<\/div>\n\t\t\t\t<\/div>\n\t\t<div class=\"elementor-element elementor-element-abdd86c elementor-hidden-mobile e-flex e-con-boxed elementor-invisible e-con e-parent\" data-id=\"abdd86c\" data-element_type=\"container\" data-settings=\"{&quot;background_background&quot;:&quot;gradient&quot;,&quot;animation&quot;:&quot;fadeInLeft&quot;}\">\n\t\t\t\t\t<div class=\"e-con-inner\">\n\t\t<div class=\"elementor-element elementor-element-c217e7a e-con-full e-flex e-con e-child\" data-id=\"c217e7a\" data-element_type=\"container\">\n\t\t\t\t<div class=\"elementor-element elementor-element-8a34256 elementor-widget elementor-widget-heading\" data-id=\"8a34256\" data-element_type=\"widget\" data-widget_type=\"heading.default\">\n\t\t\t\t<div class=\"elementor-widget-container\">\n\t\t\t\t\t<h2 class=\"elementor-heading-title elementor-size-default\">Prazer, <span>Iago Haddad!<\/span><\/h2>\t\t\t\t<\/div>\n\t\t\t\t<\/div>\n\t\t\t\t<\/div>\n\t\t\t\t\t<\/div>\n\t\t\t\t<\/div>\n\t\t<div class=\"elementor-element elementor-element-2251086 elementor-hidden-desktop elementor-hidden-tablet e-flex e-con-boxed elementor-invisible e-con e-parent\" data-id=\"2251086\" data-element_type=\"container\" data-settings=\"{&quot;background_background&quot;:&quot;gradient&quot;,&quot;animation&quot;:&quot;fadeInLeft&quot;}\">\n\t\t\t\t\t<div class=\"e-con-inner\">\n\t\t<div class=\"elementor-element elementor-element-d83b1ca e-con-full e-flex e-con e-child\" data-id=\"d83b1ca\" data-element_type=\"container\">\n\t\t\t\t<div class=\"elementor-element elementor-element-076089f elementor-widget elementor-widget-heading\" data-id=\"076089f\" data-element_type=\"widget\" data-widget_type=\"heading.default\">\n\t\t\t\t<div class=\"elementor-widget-container\">\n\t\t\t\t\t<h2 class=\"elementor-heading-title elementor-size-default\">Prazer, <span>Iago Haddad!<\/span><\/h2>\t\t\t\t<\/div>\n\t\t\t\t<\/div>\n\t\t\t\t<\/div>\n\t\t\t\t\t<\/div>\n\t\t\t\t<\/div>\n\t\t\t\t<\/div>\n\t\t","protected":false},"excerpt":{"rendered":"<p>Iago Haddad Minha jornada come\u00e7ou cedo quando ainda muito pequeno questionava os motivos e mist\u00e9rios da exist\u00eancia. Ainda na adolesc\u00eancia busquei compreender o que o cristianismo podia nos oferecer para nos levar em dire\u00e7\u00e3o \u00e0 sabedoria, contentamento e redu\u00e7\u00e3o do sofrimento. E foi ali nesta \u00e9poca que comecei a me dedicar ao que fazia sentido [&hellip;]<\/p>\n","protected":false},"author":1,"featured_media":0,"parent":0,"menu_order":0,"comment_status":"closed","ping_status":"closed","template":"elementor_header_footer","meta":{"_acf_changed":false,"_joinchat":[],"footnotes":""},"class_list":["post-842","page","type-page","status-publish","hentry"],"acf":[],"_links":{"self":[{"href":"https:\/\/rambla7.com.br\/clientes\/iagohaddad\/wp-json\/wp\/v2\/pages\/842","targetHints":{"allow":["GET"]}}],"collection":[{"href":"https:\/\/rambla7.com.br\/clientes\/iagohaddad\/wp-json\/wp\/v2\/pages"}],"about":[{"href":"https:\/\/rambla7.com.br\/clientes\/iagohaddad\/wp-json\/wp\/v2\/types\/page"}],"author":[{"embeddable":true,"href":"https:\/\/rambla7.com.br\/clientes\/iagohaddad\/wp-json\/wp\/v2\/users\/1"}],"replies":[{"embeddable":true,"href":"https:\/\/rambla7.com.br\/clientes\/iagohaddad\/wp-json\/wp\/v2\/comments?post=842"}],"version-history":[{"count":103,"href":"https:\/\/rambla7.com.br\/clientes\/iagohaddad\/wp-json\/wp\/v2\/pages\/842\/revisions"}],"predecessor-version":[{"id":1129,"href":"https:\/\/rambla7.com.br\/clientes\/iagohaddad\/wp-json\/wp\/v2\/pages\/842\/revisions\/1129"}],"wp:attachment":[{"href":"https:\/\/rambla7.com.br\/clientes\/iagohaddad\/wp-json\/wp\/v2\/media?parent=842"}],"curies":[{"name":"wp","href":"https:\/\/api.w.org\/{rel}","templated":true}]}}